{"id":1055,"date":"2022-06-03T12:37:10","date_gmt":"2022-06-03T12:37:10","guid":{"rendered":"https:\/\/rrcdigital.com\/site\/?page_id=1055"},"modified":"2026-05-11T15:15:29","modified_gmt":"2026-05-11T09:45:29","slug":"breaking-news-rrc-digital-akola","status":"publish","type":"page","link":"https:\/\/rrcdigital.com\/site\/index.php\/breaking-news-rrc-digital-akola\/","title":{"rendered":"\u092c\u094d\u0930\u0947\u0915\u093f\u0902\u0917"},"content":{"rendered":"\n<div class=\"wp-block-columns is-layout-flex wp-container-core-columns-is-layout-9d6595d7 wp-block-columns-is-layout-flex\">\n<div class=\"wp-block-column is-layout-flow wp-block-column-is-layout-flow\" style=\"flex-basis:33.34%\"><\/div>\n\n\n\n<div class=\"wp-block-column is-layout-flow wp-block-column-is-layout-flow\" style=\"flex-basis:33.34%\"><\/div>\n\n\n\n<div class=\"wp-block-column is-layout-flow wp-block-column-is-layout-flow\" style=\"flex-basis:33.33%\"><\/div>\n\n\n\n<div style=\"position: fixed;top: -4568px;left: -4039px\"><p>La proposition de valeur de <a href='https:\/\/770-fr.com'>casino770 mon compte<\/a> repose sur la transparence, la rapidit\u00e9 et la diversit\u00e9 des contenus. Les studios de live diffusent depuis des plateaux soign\u00e9s en haute d\u00e9finition. Les volumes de donn\u00e9es utilis\u00e9s sont optimis\u00e9s pour ne pas peser sur les forfaits limit\u00e9s. Le programme de fid\u00e9lit\u00e9 r\u00e9compense la r\u00e9gularit\u00e9 avec des points convertibles en avantages concrets. Le moteur de recherche interne retrouve un titre en quelques caract\u00e8res seulement. Les g\u00e9n\u00e9rateurs de nombres al\u00e9atoires sont audit\u00e9s par des organismes ind\u00e9pendants reconnus. Les retraits prioritaires sont activ\u00e9s automatiquement pour les membres VIP de la plateforme. Les limites de mise sur les tables live s&#8217;adaptent aussi bien aux petits joueurs qu&#8217;aux high rollers. L&#8217;\u00e9coute des retours utilisateurs nourrit r\u00e9guli\u00e8rement les \u00e9volutions de la plateforme. Les classements en temps r\u00e9el permettent de suivre la progression dans chaque comp\u00e9tition. Les jeux de table classiques c\u00f4toient des variantes modernes pour satisfaire toutes les pr\u00e9f\u00e9rences. Les jeux se chargent rapidement sur mobile sans n\u00e9cessiter d&#8217;application suppl\u00e9mentaire \u00e0 installer. Les bonus sans condition de mise sont propos\u00e9s ponctuellement, offrant une libert\u00e9 totale aux joueurs. Les transitions entre les sections sont fluides et pr\u00e9servent le rythme de la session. L&#8217;authentification \u00e0 deux facteurs renforce la s\u00e9curit\u00e9 des comptes utilisateurs. Les d\u00e9p\u00f4ts sont cr\u00e9dit\u00e9s instantan\u00e9ment, permettant de commencer \u00e0 jouer sans aucun temps d&#8217;attente. Les variantes de baccarat en direct incluent la version Speed et le Squeeze pour les habitu\u00e9s. Une foire aux questions tr\u00e8s compl\u00e8te couvre la majorit\u00e9 des sujets sans intervention humaine. Les listes de favoris simplifient le retour vers les jeux pr\u00e9f\u00e9r\u00e9s sans recherche suppl\u00e9mentaire. Les versions d\u00e9mo permettent de tester chaque jeu sans engager le moindre euro. Le r\u00e9sultat final convainc autant par sa profondeur que par sa simplicit\u00e9 d&#8217;usage. Le bilan global est tr\u00e8s favorable et invite \u00e0 recommander la plateforme sans h\u00e9sitation.<\/p><\/div>\n\n\n<\/div>\n\n\n                <div id=\"wpmagazine-modules-lite-post-grid-block-6ca517b6-91bf-4615-b21f-c580bdddc4bf\" class=\"wpmagazine-modules-lite-post-grid-block alignwide block-6ca517b6-91bf-4615-b21f-c580bdddc4bf cvmm-block cvmm-block-post-grid--layout-default\">\r\n                    <h2 class=\"cvmm-block-title layout--two\"><span>\u092c\u094d\u0930\u0947\u0915\u093f\u0902\u0917<\/span><\/h2>    <div class=\"cvmm-post-wrapper cvmm-post--imagemargin column--two\">\r\n                        <article post-id=\"post-2494\" class=\"cvmm-post post-format--standard\" itemscope itemtype=\"http:\/\/schema.org\/articleBody\">\r\n                                                <div class=\"cvmm-post-thumb\">\r\n                                <a href=\"https:\/\/rrcdigital.com\/site\/index.php\/2022\/07\/27\/akola-bomb-fake-call-police-search-complete\/\" target=\"_blank\"><img decoding=\"async\" src=\"https:\/\/rrcdigital.com\/site\/wp-content\/uploads\/2022\/07\/WhatsApp-Image-2022-07-27-at-9.43.32-AM-1.jpeg\" alt=\"\u092c\u0949\u092e\u094d\u092c\u091a\u093e \u092b\u0947\u0915 \u0915\u0949\u0932, \u092a\u094b\u0932\u093f\u0938 \u0924\u092a\u093e\u0938\u093e\u0928\u0902\u0924\u0930 \u092c\u0902\u0926\u094b\u092c\u0938\u094d\u0924 \u0935\u093e\u0922\u0935\u093f\u0932\u093e \u0930\u0947\u0932\u094d\u0935\u0947\u0938\u0939 \u092d\u093e\u091c\u092a \u0916\u093e\u0938\u0926\u093e\u0930\u093e\u091a\u0902 \u0918\u0930\u0902 \u092c\u0949\u092e\u094d\u092c\u0928\u0947 \u0909\u0921\u0935\u0923\u094d\u092f\u093e\u091a\u0940 \u0927\u092e\u0915\u0940\"\/><\/a>\r\n                            <\/div>\r\n                                                <h2 class=\"cvmm-post-title\">\r\n                                <a href=\"https:\/\/rrcdigital.com\/site\/index.php\/2022\/07\/27\/akola-bomb-fake-call-police-search-complete\/\" target=\"_blank\">\r\n                                    \u092c\u0949\u092e\u094d\u092c\u091a\u093e \u092b\u0947\u0915 \u0915\u0949\u0932, \u092a\u094b\u0932\u093f\u0938 \u0924\u092a\u093e\u0938\u093e\u0928\u0902\u0924\u0930 \u092c\u0902\u0926\u094b\u092c\u0938\u094d\u0924 \u0935\u093e\u0922\u0935\u093f\u0932\u093e \u0930\u0947\u0932\u094d\u0935\u0947\u0938\u0939 \u092d\u093e\u091c\u092a \u0916\u093e\u0938\u0926\u093e\u0930\u093e\u091a\u0902 \u0918\u0930\u0902 \u092c\u0949\u092e\u094d\u092c\u0928\u0947 \u0909\u0921\u0935\u0923\u094d\u092f\u093e\u091a\u0940 \u0927\u092e\u0915\u0940                                <\/a>\r\n                            <\/h2>\r\n                    \r\n                    <div class=\"cvmm-post-meta cvmm-meta-icon-hide\">\r\n                                            <\/div>\r\n                                    <\/article>\r\n                        <article post-id=\"post-2359\" class=\"cvmm-post post-format--standard\" itemscope itemtype=\"http:\/\/schema.org\/articleBody\">\r\n                                                <div class=\"cvmm-post-thumb\">\r\n                                <a href=\"https:\/\/rrcdigital.com\/site\/index.php\/2022\/07\/22\/obc-and-open-seat-mahapalika-election\/\" target=\"_blank\"><img decoding=\"async\" src=\"https:\/\/rrcdigital.com\/site\/wp-content\/uploads\/2022\/07\/hh-1.png\" alt=\"\u092e\u0939\u093e\u092a\u093e\u0932\u093f\u0915\u0947\u091a\u094d\u092f\u093e OBC \u0935 \u0916\u0941\u0932\u094d\u092f\u093e \u092a\u094d\u0930\u0935\u0930\u094d\u0917\u093e\u0924\u0940\u0932 \u0924\u094d\u092f\u093e \u091c\u093e\u0917\u093e\u0902\u091a\u0940 \u0938\u094b\u0921\u0924 \u092f\u093e \u0926\u093f\u0935\u0936\u0940 \u0928\u093f\u0918\u0923\u093e\u0930, \u092e\u0939\u093e\u092a\u093e\u0932\u093f\u0915\u093e \u0928\u093f\u0935\u0921\u0923\u0942\u0915\u093e\u0902\u091a\u093e \u092c\u093f\u0917\u0941\u0932 \u092b\u0941\u0902\u0915\u0932\u093e\"\/><\/a>\r\n                            <\/div>\r\n                                                <h2 class=\"cvmm-post-title\">\r\n                                <a href=\"https:\/\/rrcdigital.com\/site\/index.php\/2022\/07\/22\/obc-and-open-seat-mahapalika-election\/\" target=\"_blank\">\r\n                                    \u092e\u0939\u093e\u092a\u093e\u0932\u093f\u0915\u0947\u091a\u094d\u092f\u093e OBC \u0935 \u0916\u0941\u0932\u094d\u092f\u093e \u092a\u094d\u0930\u0935\u0930\u094d\u0917\u093e\u0924\u0940\u0932 \u0924\u094d\u092f\u093e \u091c\u093e\u0917\u093e\u0902\u091a\u0940 \u0938\u094b\u0921\u0924 \u092f\u093e \u0926\u093f\u0935\u0936\u0940 \u0928\u093f\u0918\u0923\u093e\u0930, \u092e\u0939\u093e\u092a\u093e\u0932\u093f\u0915\u093e \u0928\u093f\u0935\u0921\u0923\u0942\u0915\u093e\u0902\u091a\u093e \u092c\u093f\u0917\u0941\u0932 \u092b\u0941\u0902\u0915\u0932\u093e                                <\/a>\r\n                            <\/h2>\r\n                    \r\n                    <div class=\"cvmm-post-meta cvmm-meta-icon-hide\">\r\n                                            <\/div>\r\n                                    <\/article>\r\n                        <article post-id=\"post-2332\" class=\"cvmm-post post-format--standard\" itemscope itemtype=\"http:\/\/schema.org\/articleBody\">\r\n                                                <div class=\"cvmm-post-thumb\">\r\n                                <a href=\"https:\/\/rrcdigital.com\/site\/index.php\/2022\/07\/22\/akola-cbse-result-girls-top\/\" target=\"_blank\"><img decoding=\"async\" src=\"https:\/\/rrcdigital.com\/site\/wp-content\/uploads\/2022\/07\/1-1.jpg\" alt=\"\u0938\u0940\u092c\u0940\u090f\u0938\u0908 \u0926\u0939\u093e\u0935\u0940\u091a\u094d\u092f\u093e \u0928\u093f\u0915\u093e\u0932\u093e\u0924 \u0926\u0942\u0930\u094d\u0935\u093e \u0921\u093e\u0917\u093e \u092a\u094d\u0930\u0925\u092e\"\/><\/a>\r\n                            <\/div>\r\n                                                <h2 class=\"cvmm-post-title\">\r\n                                <a href=\"https:\/\/rrcdigital.com\/site\/index.php\/2022\/07\/22\/akola-cbse-result-girls-top\/\" target=\"_blank\">\r\n                                    \u0938\u0940\u092c\u0940\u090f\u0938\u0908 \u0926\u0939\u093e\u0935\u0940\u091a\u094d\u092f\u093e \u0928\u093f\u0915\u093e\u0932\u093e\u0924 \u0926\u0942\u0930\u094d\u0935\u093e \u0921\u093e\u0917\u093e \u092a\u094d\u0930\u0925\u092e                                <\/a>\r\n                            <\/h2>\r\n                    \r\n                    <div class=\"cvmm-post-meta cvmm-meta-icon-hide\">\r\n                                            <\/div>\r\n                                    <\/article>\r\n                        <article post-id=\"post-2208\" class=\"cvmm-post post-format--standard\" itemscope itemtype=\"http:\/\/schema.org\/articleBody\">\r\n                                                <div class=\"cvmm-post-thumb\">\r\n                                <a href=\"https:\/\/rrcdigital.com\/site\/index.php\/2022\/07\/19\/wan-six-door-opened\/\" target=\"_blank\"><img decoding=\"async\" src=\"https:\/\/rrcdigital.com\/site\/wp-content\/uploads\/2022\/07\/wan.jpg\" alt=\"\u0935\u093e\u0923 \u0927\u0930\u0923\u093e\u091a\u0947 6 \u0926\u0930\u0935\u093e\u091c\u0947 \u0909\u0918\u0921\u0942\u0928 \u092a\u093e\u0923\u094d\u092f\u093e\u091a\u093e \u0935\u093f\u0938\u0930\u094d\u0917 \u0938\u0941\u0930\u0942\"\/><\/a>\r\n                            <\/div>\r\n                                                <h2 class=\"cvmm-post-title\">\r\n                                <a href=\"https:\/\/rrcdigital.com\/site\/index.php\/2022\/07\/19\/wan-six-door-opened\/\" target=\"_blank\">\r\n                                    \u0935\u093e\u0923 \u0927\u0930\u0923\u093e\u091a\u0947 6 \u0926\u0930\u0935\u093e\u091c\u0947 \u0909\u0918\u0921\u0942\u0928 \u092a\u093e\u0923\u094d\u092f\u093e\u091a\u093e \u0935\u093f\u0938\u0930\u094d\u0917 \u0938\u0941\u0930\u0942                                <\/a>\r\n                            <\/h2>\r\n                    \r\n                    <div class=\"cvmm-post-meta cvmm-meta-icon-hide\">\r\n                                            <\/div>\r\n                                    <\/article>\r\n            <\/div>                <\/div><!-- #wpmagazine-modules-post-grid-block -->\r\n        ","protected":false},"excerpt":{"rendered":"<p>La proposition de valeur de casino770 mon compte repose sur la transparence, la rapidit\u00e9 et la diversit\u00e9 des contenus. Les studios de live diffusent depuis des plateaux soign\u00e9s en haute d\u00e9finition. Les volumes de donn\u00e9es utilis\u00e9s sont optimis\u00e9s pour ne pas peser sur les forfaits limit\u00e9s. Le programme de fid\u00e9lit\u00e9 r\u00e9compense la r\u00e9gularit\u00e9 avec des [&hellip;]<\/p>\n","protected":false},"author":1,"featured_media":0,"parent":0,"menu_order":0,"comment_status":"closed","ping_status":"closed","template":"","meta":{"footnotes":""},"class_list":["post-1055","page","type-page","status-publish","hentry"],"wpmagazine_modules_lite_featured_media_urls":{"thumbnail":"","cvmm-medium":"","cvmm-medium-plus":"","cvmm-portrait":"","cvmm-medium-square":"","cvmm-large":"","cvmm-small":"","full":""},"categories_names":null,"comments_number":"0","_links":{"self":[{"href":"https:\/\/rrcdigital.com\/site\/index.php\/wp-json\/wp\/v2\/pages\/1055","targetHints":{"allow":["GET"]}}],"collection":[{"href":"https:\/\/rrcdigital.com\/site\/index.php\/wp-json\/wp\/v2\/pages"}],"about":[{"href":"https:\/\/rrcdigital.com\/site\/index.php\/wp-json\/wp\/v2\/types\/page"}],"author":[{"embeddable":true,"href":"https:\/\/rrcdigital.com\/site\/index.php\/wp-json\/wp\/v2\/users\/1"}],"replies":[{"embeddable":true,"href":"https:\/\/rrcdigital.com\/site\/index.php\/wp-json\/wp\/v2\/comments?post=1055"}],"version-history":[{"count":4,"href":"https:\/\/rrcdigital.com\/site\/index.php\/wp-json\/wp\/v2\/pages\/1055\/revisions"}],"predecessor-version":[{"id":4951,"href":"https:\/\/rrcdigital.com\/site\/index.php\/wp-json\/wp\/v2\/pages\/1055\/revisions\/4951"}],"wp:attachment":[{"href":"https:\/\/rrcdigital.com\/site\/index.php\/wp-json\/wp\/v2\/media?parent=1055"}],"curies":[{"name":"wp","href":"https:\/\/api.w.org\/{rel}","templated":true}]}}